{"id":10391,"date":"2021-10-20T16:46:10","date_gmt":"2021-10-20T14:46:10","guid":{"rendered":"https:\/\/nicolsboat.com\/instandhaltung-ihrer-boote\/"},"modified":"2025-10-22T10:27:49","modified_gmt":"2025-10-22T08:27:49","slug":"instandhaltung-ihrer-boote","status":"publish","type":"page","link":"https:\/\/nicolsboat.com\/de\/instandhaltung-ihrer-boote\/","title":{"rendered":"Instandhaltung Ihrer Boote"},"content":{"rendered":"<p>[et_pb_section fb_built=&#8221;1&#8243; _builder_version=&#8221;4.9.4&#8243;][et_pb_row column_structure=&#8221;2_3,1_3&#8243; _builder_version=&#8221;4.9.4&#8243; background_size=&#8221;initial&#8221; background_position=&#8221;top_left&#8221; background_repeat=&#8221;repeat&#8221;][et_pb_column type=&#8221;2_3&#8243; _builder_version=&#8221;3.0.47&#8243; custom_padding=&#8221;|||&#8221; custom_padding__hover=&#8221;|||&#8221;][et_pb_text _builder_version=&#8221;4.9.9&#8243; link_text_color=&#8221;gcid-a6c61b85-5c58-4681-890a-43986b4c8dad&#8221; vertical_offset_tablet=&#8221;0&#8243; horizontal_offset_tablet=&#8221;0&#8243; hover_enabled=&#8221;0&#8243; z_index_tablet=&#8221;0&#8243; text_text_shadow_horizontal_length_tablet=&#8221;0px&#8221; text_text_shadow_vertical_length_tablet=&#8221;0px&#8221; text_text_shadow_blur_strength_tablet=&#8221;1px&#8221; link_text_shadow_horizontal_length_tablet=&#8221;0px&#8221; link_text_shadow_vertical_length_tablet=&#8221;0px&#8221; link_text_shadow_blur_strength_tablet=&#8221;1px&#8221; ul_text_shadow_horizontal_length_tablet=&#8221;0px&#8221; ul_text_shadow_vertical_length_tablet=&#8221;0px&#8221; ul_text_shadow_blur_strength_tablet=&#8221;1px&#8221; ol_text_shadow_horizontal_length_tablet=&#8221;0px&#8221; ol_text_shadow_vertical_length_tablet=&#8221;0px&#8221; ol_text_shadow_blur_strength_tablet=&#8221;1px&#8221; quote_text_shadow_horizontal_length_tablet=&#8221;0px&#8221; quote_text_shadow_vertical_length_tablet=&#8221;0px&#8221; quote_text_shadow_blur_strength_tablet=&#8221;1px&#8221; header_text_shadow_horizontal_length_tablet=&#8221;0px&#8221; header_text_shadow_vertical_length_tablet=&#8221;0px&#8221; header_text_shadow_blur_strength_tablet=&#8221;1px&#8221; header_2_text_shadow_horizontal_length_tablet=&#8221;0px&#8221; header_2_text_shadow_vertical_length_tablet=&#8221;0px&#8221; header_2_text_shadow_blur_strength_tablet=&#8221;1px&#8221; header_3_text_shadow_horizontal_length_tablet=&#8221;0px&#8221; header_3_text_shadow_vertical_length_tablet=&#8221;0px&#8221; header_3_text_shadow_blur_strength_tablet=&#8221;1px&#8221; header_4_text_shadow_horizontal_length_tablet=&#8221;0px&#8221; header_4_text_shadow_vertical_length_tablet=&#8221;0px&#8221; header_4_text_shadow_blur_strength_tablet=&#8221;1px&#8221; header_5_text_shadow_horizontal_length_tablet=&#8221;0px&#8221; header_5_text_shadow_vertical_length_tablet=&#8221;0px&#8221; header_5_text_shadow_blur_strength_tablet=&#8221;1px&#8221; header_6_text_shadow_horizontal_length_tablet=&#8221;0px&#8221; header_6_text_shadow_vertical_length_tablet=&#8221;0px&#8221; header_6_text_shadow_blur_strength_tablet=&#8221;1px&#8221; box_shadow_horizontal_tablet=&#8221;0px&#8221; box_shadow_vertical_tablet=&#8221;0px&#8221; box_shadow_blur_tablet=&#8221;40px&#8221; box_shadow_spread_tablet=&#8221;0px&#8221; global_colors_info=&#8221;{%22gcid-a6c61b85-5c58-4681-890a-43986b4c8dad%22:%91%22link_text_color%22%93}&#8221; sticky_enabled=&#8221;0&#8243;]<\/p>\n<h2>Wartung Ihrer Boote:<\/h2>\n<p>Unsere Cruiser und P\u00e9nichettes werden w\u00e4hrend der gesamten Saison sorgf\u00e4ltig gewartet. Im Winter nehmen wir sie aus dem Wasser, um eine vollst\u00e4ndige und gr\u00fcndliche \u00dcberpr\u00fcfung und \u00dcberholung des Decks und des Rumpfes durchzuf\u00fchren. Dabei tragen wir auch ein Antifouling auf.<\/p>\n<p align=\"justify\">\u00a0<\/p>\n<h2>Die Vorteile des Nicol\u2019s Yacht-Services:<\/h2>\n<p>Dank unseres Netzwerks von St\u00fctzpunkten in ganz Frankreich\u00a0<strong>k\u00f6nnen wir Ihnen unsere Wartungs- und Instandhaltungsdienste anbieten<\/strong>. Unsere Teams verf\u00fcgen \u00fcber umfassende Kenntnisse unserer Boote und echtes Fachwissen.<\/p>\n<p>Mehrere unserer St\u00fctzpunkte bieten verschiedene Dienstleistungen an, darunter:<\/p>\n<ul>\n<li>Aus dem Wasser holen, Trockenlegen, Antifouling<\/li>\n<li>Anlegen Ihres Bootes<\/li>\n<li>\u00dcberwinterung mit Reparaturen<\/li>\n<li>Montage von Zusatzausr\u00fcstung<\/li>\n<\/ul>\n<h2>Ersatzteile:<\/h2>\n<p align=\"justify\">NICOLS\u00ae verf\u00fcgt als Konstrukteur und Vermieter \u00fcber ein Lager, in dem Ersatzteile und anderes Zubeh\u00f6r zur Verf\u00fcgung stehen. Hiermit stehen wir Ihnen f\u00fcr Beratung und Dienstleistungen jederzeit zur Verf\u00fcgung.<\/p>\n<h2>Ein Jahresbudget f\u00fcr die Wartung?<\/h2>\n<p align=\"justify\">Die Konstruktion der NICOLS\u00ae-Hausboote mit Polyesterrumpf erfordert ein nur sehr geringes Wartungsbudget. Die einfache, praktische und pragmatische Bauweise, urspr\u00fcnglich f\u00fcr die Vermietung bestimmt, tr\u00e4gt au\u00dferdem zu diesen niedrigen Kosten bei.<br \/>Als Eigent\u00fcmer muss das Boot alle 3-4 Jahre trockengelegt werden. Der Rest ist wie beim Auto &#8211; es erfordert eine regelm\u00e4\u00dfige Instandhaltung, den \u00d6lwechsel.<\/p>\n<p>[\/et_pb_text][\/et_pb_column]<\/p>\n<p>[et_pb_column type=&#8221;1_3&#8243; _builder_version=&#8221;3.0.47&#8243; custom_padding=&#8221;|||&#8221; custom_padding__hover=&#8221;|||&#8221;][et_pb_image src=&#8221;https:\/\/nicolsboat.com\/wp-content\/uploads\/2021\/06\/entretien-bateau.jpg&#8221; _builder_version=&#8221;4.9.4&#8243; vertical_offset_tablet=&#8221;0&#8243; horizontal_offset_tablet=&#8221;0&#8243; z_index_tablet=&#8221;0&#8243; box_shadow_horizontal_tablet=&#8221;0px&#8221; box_shadow_vertical_tablet=&#8221;0px&#8221; box_shadow_blur_tablet=&#8221;40px&#8221; box_shadow_spread_tablet=&#8221;0px&#8221;]<br \/>\n[\/et_pb_image][\/et_pb_column]<\/p>\n<p>[\/et_pb_row]<\/p>\n<p>[et_pb_row _builder_version=&#8221;4.9.9&#8243; background_size=&#8221;initial&#8221; background_position=&#8221;top_left&#8221; background_repeat=&#8221;repeat&#8221;][et_pb_column type=&#8221;4_4&#8243; _builder_version=&#8221;3.0.47&#8243; custom_padding=&#8221;|||&#8221; custom_padding__hover=&#8221;|||&#8221;]<\/p>\n<p>[et_pb_gallery gallery_ids=&#8221;10170,10173,10176,10179&#8243; show_title_and_caption=&#8221;off&#8221; show_pagination=&#8221;off&#8221; _builder_version=&#8221;4.9.9&#8243; vertical_offset_tablet=&#8221;0&#8243; horizontal_offset_tablet=&#8221;0&#8243; z_index_tablet=&#8221;0&#8243; title_text_shadow_horizontal_length_tablet=&#8221;0px&#8221; title_text_shadow_vertical_length_tablet=&#8221;0px&#8221; title_text_shadow_blur_strength_tablet=&#8221;1px&#8221; caption_text_shadow_horizontal_length_tablet=&#8221;0px&#8221; caption_text_shadow_vertical_length_tablet=&#8221;0px&#8221; caption_text_shadow_blur_strength_tablet=&#8221;1px&#8221; pagination_text_shadow_horizontal_length_tablet=&#8221;0px&#8221; pagination_text_shadow_vertical_length_tablet=&#8221;0px&#8221; pagination_text_shadow_blur_strength_tablet=&#8221;1px&#8221; box_shadow_horizontal_tablet=&#8221;0px&#8221; box_shadow_vertical_tablet=&#8221;0px&#8221; box_shadow_blur_tablet=&#8221;40px&#8221; box_shadow_spread_tablet=&#8221;0px&#8221; box_shadow_horizontal_image_tablet=&#8221;0px&#8221; box_shadow_vertical_image_tablet=&#8221;0px&#8221; box_shadow_blur_image_tablet=&#8221;40px&#8221; box_shadow_spread_image_tablet=&#8221;0px&#8221; text_shadow_horizontal_length_tablet=&#8221;0px&#8221; text_shadow_vertical_length_tablet=&#8221;0px&#8221; text_shadow_blur_strength_tablet=&#8221;1px&#8221;][\/et_pb_gallery]<\/p>\n<p>[\/et_pb_column][\/et_pb_row]<\/p>\n<p>[\/et_pb_section]<\/p>\n","protected":false},"excerpt":{"rendered":"<p>[et_pb_section fb_built=&#8221;1&#8243; _builder_version=&#8221;4.9.4&#8243;][et_pb_row column_structure=&#8221;2_3,1_3&#8243; _builder_version=&#8221;4.9.4&#8243; background_size=&#8221;initial&#8221; background_position=&#8221;top_left&#8221; background_repeat=&#8221;repeat&#8221;][et_pb_column type=&#8221;2_3&#8243; _builder_version=&#8221;3.0.47&#8243; custom_padding=&#8221;|||&#8221; custom_padding__hover=&#8221;|||&#8221;][et_pb_text _builder_version=&#8221;4.9.9&#8243; link_text_color=&#8221;gcid-a6c61b85-5c58-4681-890a-43986b4c8dad&#8221; vertical_offset_tablet=&#8221;0&#8243; horizontal_offset_tablet=&#8221;0&#8243; hover_enabled=&#8221;0&#8243; z_index_tablet=&#8221;0&#8243; text_text_shadow_horizontal_length_tablet=&#8221;0px&#8221; text_text_shadow_vertical_length_tablet=&#8221;0px&#8221; text_text_shadow_blur_strength_tablet=&#8221;1px&#8221; link_text_shadow_horizontal_length_tablet=&#8221;0px&#8221; link_text_shadow_vertical_length_tablet=&#8221;0px&#8221; link_text_shadow_blur_strength_tablet=&#8221;1px&#8221; ul_text_shadow_horizontal_length_tablet=&#8221;0px&#8221; ul_text_shadow_vertical_length_tablet=&#8221;0px&#8221; ul_text_shadow_blur_strength_tablet=&#8221;1px&#8221; ol_text_shadow_horizontal_length_tablet=&#8221;0px&#8221; ol_text_shadow_vertical_length_tablet=&#8221;0px&#8221; ol_text_shadow_blur_strength_tablet=&#8221;1px&#8221; quote_text_shadow_horizontal_length_tablet=&#8221;0px&#8221; quote_text_shadow_vertical_length_tablet=&#8221;0px&#8221; quote_text_shadow_blur_strength_tablet=&#8221;1px&#8221; header_text_shadow_horizontal_length_tablet=&#8221;0px&#8221; header_text_shadow_vertical_length_tablet=&#8221;0px&#8221; header_text_shadow_blur_strength_tablet=&#8221;1px&#8221; header_2_text_shadow_horizontal_length_tablet=&#8221;0px&#8221; header_2_text_shadow_vertical_length_tablet=&#8221;0px&#8221; header_2_text_shadow_blur_strength_tablet=&#8221;1px&#8221; header_3_text_shadow_horizontal_length_tablet=&#8221;0px&#8221; header_3_text_shadow_vertical_length_tablet=&#8221;0px&#8221; header_3_text_shadow_blur_strength_tablet=&#8221;1px&#8221; header_4_text_shadow_horizontal_length_tablet=&#8221;0px&#8221; header_4_text_shadow_vertical_length_tablet=&#8221;0px&#8221; header_4_text_shadow_blur_strength_tablet=&#8221;1px&#8221; header_5_text_shadow_horizontal_length_tablet=&#8221;0px&#8221; header_5_text_shadow_vertical_length_tablet=&#8221;0px&#8221; header_5_text_shadow_blur_strength_tablet=&#8221;1px&#8221; header_6_text_shadow_horizontal_length_tablet=&#8221;0px&#8221; header_6_text_shadow_vertical_length_tablet=&#8221;0px&#8221; header_6_text_shadow_blur_strength_tablet=&#8221;1px&#8221; box_shadow_horizontal_tablet=&#8221;0px&#8221; box_shadow_vertical_tablet=&#8221;0px&#8221; box_shadow_blur_tablet=&#8221;40px&#8221; box_shadow_spread_tablet=&#8221;0px&#8221; [&hellip;]<\/p>\n","protected":false},"author":1,"featured_media":0,"parent":0,"menu_order":0,"comment_status":"closed","ping_status":"closed","template":"","meta":{"_et_pb_use_builder":"on","_et_pb_old_content":"","_et_gb_content_width":"","inline_featured_image":false},"_links":{"self":[{"href":"https:\/\/nicolsboat.com\/de\/wp-json\/wp\/v2\/pages\/10391"}],"collection":[{"href":"https:\/\/nicolsboat.com\/de\/wp-json\/wp\/v2\/pages"}],"about":[{"href":"https:\/\/nicolsboat.com\/de\/wp-json\/wp\/v2\/types\/page"}],"author":[{"embeddable":true,"href":"https:\/\/nicolsboat.com\/de\/wp-json\/wp\/v2\/users\/1"}],"replies":[{"embeddable":true,"href":"https:\/\/nicolsboat.com\/de\/wp-json\/wp\/v2\/comments?post=10391"}],"version-history":[{"count":27,"href":"https:\/\/nicolsboat.com\/de\/wp-json\/wp\/v2\/pages\/10391\/revisions"}],"predecessor-version":[{"id":14385,"href":"https:\/\/nicolsboat.com\/de\/wp-json\/wp\/v2\/pages\/10391\/revisions\/14385"}],"wp:attachment":[{"href":"https:\/\/nicolsboat.com\/de\/wp-json\/wp\/v2\/media?parent=10391"}],"curies":[{"name":"wp","href":"https:\/\/api.w.org\/{rel}","templated":true}]}}