{"id":10399,"date":"2021-10-20T16:46:32","date_gmt":"2021-10-20T14:46:32","guid":{"rendered":"https:\/\/nicolsboat.com\/rechtliche-hinweise\/"},"modified":"2021-10-20T16:46:32","modified_gmt":"2021-10-20T14:46:32","slug":"rechtliche-hinweise","status":"publish","type":"page","link":"https:\/\/nicolsboat.com\/de\/rechtliche-hinweise\/","title":{"rendered":"Rechtliche Hinweise"},"content":{"rendered":"<p style=\"text-align: left;\">Der Zugang und die Nutzung dieser Website unterliegen den folgenden Bedingungen sowie den geltenden gesetzlichen Bestimmungen. Mit dem Zugriff auf diese Website und deren Nutzung akzeptieren Sie diese Bedingungen uneingeschr\u00e4nkt und vorbehaltlos und erkennen an, dass sie Vorrang vor allen anderen eventuell zwischen uns getroffenen Vereinbarungen haben.<\/p>\n<p>&nbsp;<\/p>\n<p><strong>Eigentum der Website<\/strong><\/p>\n<p>Diese Website ist Eigentum von NICOL&#8217;S YACHT:<\/p>\n<p>Route du Puy St Bonnet<br \/>49300 CHOLET<br \/>Tel.: +33 (0) 2 41 56 46 56<br \/>E-Mail: ventebateaux@nicols.com<\/p>\n<p>&nbsp;<\/p>\n<p><strong>Redaktionelle Verantwortung<\/strong><\/p>\n<p>Verantwortlich f\u00fcr die Ver\u00f6ffentlichung dieser Website ist: Nicols<\/p>\n<p>&nbsp;<\/p>\n<p><strong>Hosting<\/strong><\/p>\n<p>Diese Website wird von gehostet von dem Unternehmen OVH<\/p>\n<p>SAS mit einem Kapital von 10\u00a0000\u00a0000 \u20ac<br \/>HR Roubaix \u2013 Tourcoing 424 761 419 00045<br \/>APE-Code 6202A<br \/>UST-IDNR.: FR 22 424 761 419<br \/>Hauptsitz: 2 rue Kellermann \u2013 59100 Roubaix \u2013 Frankreich.<\/p>\n<p>&nbsp;<\/p>\n<p><strong>Konzeption<\/strong><\/p>\n<p>Diese Website wurde von der Firma <a href=\"http:\/\/a3web.fr\" target=\"_blank\" rel=\"noopener noreferrer\">A3 WEB entwickelt, die Websites f\u00fcr Unternehmen erstellt.<\/a><br \/>14, Rue de Belgique<br \/>Z.I Les Grands Bois<br \/>49280 La S\u00e9guini\u00e8re<br \/>Tel.: + 33 (0)2 52 45 00 10<br \/>RCS Angers 790 244 438<\/p>\n<p>&nbsp;<\/p>\n<p><strong>Geistiges Eigentum<\/strong><\/p>\n<p>Die gesamte Website unterliegt der franz\u00f6sischen und internationalen Gesetzgebung zu Urheberrecht und geistigem Eigentum. Alle Vervielf\u00e4ltigungsrechte sind vorbehalten, einschlie\u00dflich der herunterladbaren Dokumente und bildlichen sowie fotografischen Darstellungen. Der Inhalt der Website ist, sofern nicht anders angegeben, Eigentum von NICOL&#8217;S YACHT. Daher und sofern nichts Anderweitiges angegeben ist, bedarf jegliche Nutzung der Inhalte der Website der schriftlichen Genehmigung durch das Unternehmen NICOL&#8217;S YACHT, das dar\u00fcber allein entscheidet. Jegliche Vervielf\u00e4ltigung oder Darstellung, selbst auszugsweise und mittels jedweden Verfahrens, ist ohne die schriftliche Zustimmung durch NICOL&#8217;S YACHT verboten und unzul\u00e4ssig. Die Nichtbeachtung dieses Verbots stellt den Tatbestand einer Raubkopie dar, f\u00fcr die der Rechtsverletzer zivil- und strafrechtlich haftbar gemacht werden kann.<\/p>\n<p>&nbsp;<\/p>\n<p><strong>Zugriffsrecht<\/strong><\/p>\n<p>Jede nat\u00fcrliche Person, die ihre Identit\u00e4t nachweist, kann ihr Recht auf Zugriff, \u00c4nderung, Berichtigung und L\u00f6schung gem\u00e4\u00df den Bestimmungen des ge\u00e4nderten Datenschutzgesetzes vom 06. Januar 1978 geltend machen. Dazu reicht eine schriftliche Anfrage an ventebateaux@nicols.com.<\/p>\n<p>&nbsp;<\/p>\n<p><strong>Schutz personenbezogener Daten<\/strong><\/p>\n<p>Weitere Erl\u00e4uterungen zum Schutz personenbezogener Daten finden Sie auf unserer dedizierten Seite \u201e<a href=\"https:\/\/nicolsboat.com\/donnees-personnelles\/\">Personenbezogene Daten<\/a>\u201c.<br \/>Weitere Erl\u00e4uterungen zu unseren Cookies finden Sie in unserer \u201e<a href=\"https:\/\/nicolsboat.com\/politique-de-cookies\/\">Cookie-Richtlinie<\/a>\u201c.<\/p>\n<p>&nbsp;<\/p>\n<p><strong>Bildnachweis:<\/strong><\/p>\n<p>\u2013 \u00a9 NICOL&#8217;S YACHT<\/p>\n<p>&nbsp;<\/p>\n<p><em>Aktualisiert am 26. April 2021<\/em><\/p>\n","protected":false},"excerpt":{"rendered":"<p>Der Zugang und die Nutzung dieser Website unterliegen den folgenden Bedingungen sowie den geltenden gesetzlichen Bestimmungen. Mit dem Zugriff auf diese Website und deren Nutzung akzeptieren Sie diese Bedingungen uneingeschr\u00e4nkt und vorbehaltlos und erkennen an, dass sie Vorrang vor allen anderen eventuell zwischen uns getroffenen Vereinbarungen haben. &nbsp; Eigentum der Website Diese Website ist Eigentum [&hellip;]<\/p>\n","protected":false},"author":1,"featured_media":0,"parent":0,"menu_order":0,"comment_status":"closed","ping_status":"closed","template":"","meta":{"_et_pb_use_builder":"","_et_pb_old_content":"","_et_gb_content_width":"","inline_featured_image":false},"_links":{"self":[{"href":"https:\/\/nicolsboat.com\/de\/wp-json\/wp\/v2\/pages\/10399"}],"collection":[{"href":"https:\/\/nicolsboat.com\/de\/wp-json\/wp\/v2\/pages"}],"about":[{"href":"https:\/\/nicolsboat.com\/de\/wp-json\/wp\/v2\/types\/page"}],"author":[{"embeddable":true,"href":"https:\/\/nicolsboat.com\/de\/wp-json\/wp\/v2\/users\/1"}],"replies":[{"embeddable":true,"href":"https:\/\/nicolsboat.com\/de\/wp-json\/wp\/v2\/comments?post=10399"}],"version-history":[{"count":1,"href":"https:\/\/nicolsboat.com\/de\/wp-json\/wp\/v2\/pages\/10399\/revisions"}],"predecessor-version":[{"id":10400,"href":"https:\/\/nicolsboat.com\/de\/wp-json\/wp\/v2\/pages\/10399\/revisions\/10400"}],"wp:attachment":[{"href":"https:\/\/nicolsboat.com\/de\/wp-json\/wp\/v2\/media?parent=10399"}],"curies":[{"name":"wp","href":"https:\/\/api.w.org\/{rel}","templated":true}]}}