{"id":10401,"date":"2021-10-20T16:46:38","date_gmt":"2021-10-20T14:46:38","guid":{"rendered":"https:\/\/nicolsboat.com\/personenbezogene-daten\/"},"modified":"2021-10-20T16:46:38","modified_gmt":"2021-10-20T14:46:38","slug":"personenbezogene-daten","status":"publish","type":"page","link":"https:\/\/nicolsboat.com\/de\/personenbezogene-daten\/","title":{"rendered":"Personenbezogene Daten"},"content":{"rendered":"<p>NICOL&#8217;S YACHT verpflichtet sich dazu, dass die Erhebung und Verarbeitung Ihrer personenbezogenen Daten auf der Website www.nicolsyacht.com dem Datenschutzgesetz und der Datenschutz-Grundverordnung (DSGVO), die am 25. Mai 2018 in Kraft getreten ist, entspricht.<\/p>\n<p>Jedes Formular auf der Website www.nicolsyacht.com beschr\u00e4nkt die Erfassung Ihrer personenbezogenen Daten auf das Notwendige und informiert \u00fcber: <\/p>\n<p>\u2013 Ziel und Zweck der Erhebung dieser Daten,<br \/>\u2013 Dauer der Speicherung dieser Daten,<br \/>\u2013 die Person, f\u00fcr die diese Daten bestimmt sind.<\/p>\n<p>&nbsp;<\/p>\n<p><strong>Die auf unserer Website erhobenen Daten<\/strong><\/p>\n<p>NICOL&#8217;S YACHT erhebt und verarbeitet Informationen wie Name, Vorname, E-Mail-Adresse, IP-Adresse, Verbindungsdaten und Navigationsdaten. Der obligatorische oder freiwillige Charakter der Datenerteilung wird Ihnen bei der Erfassung mit einem Sternchen angezeigt. Bestimmte Daten werden automatisch aufgrund Ihrer Handlungen auf unserer Website erfasst.<\/p>\n<p>Wir f\u00fchren auch Messungen der Besucherzahlen und des Besucherverhaltens durch.<\/p>\n<p>Wir erheben von Ihnen bereitgestellte Informationen insbesondere dann, wenn:<\/p>\n<p>\u2013 Sie unser Unternehmen \u00fcber das Kontaktformular kontaktieren, damit wir Ihre Anfrage beantworten k\u00f6nnen.<br \/>\u2013 Sie unsere Website besuchen und sich \u00fcber unsere Dienste informieren. Sie k\u00f6nnen diesbez\u00fcglich auch unsere Datenschutzerkl\u00e4rung einsehen.<\/p>\n<p>&nbsp;<\/p>\n<p><strong>Dauer der Speicherung Ihrer Daten<\/strong><\/p>\n<p>Die auf der Website www.nicolsyacht.com erhobenen personenbezogenen Daten werden gem\u00e4\u00df bestimmter Sicherheitsprotokolle \u00fcbermittelt und gespeichert und werden nicht l\u00e4nger gespeichert, als es f\u00fcr die Bearbeitung Ihrer Anfrage erforderlich ist.<\/p>\n<p>&nbsp;<\/p>\n<p><strong>Die Empf\u00e4nger Ihrer Daten<\/strong><\/p>\n<p>Die Sie betreffenden Daten werden gem\u00e4\u00df Ihrer Anfrage und Ihrem Bedarf an unsere verschiedenen Dienste innerhalb von NICOL&#8217;S YACHT \u00fcbermittelt.<\/p>\n<p>&nbsp;<\/p>\n<p><strong>AUS\u00dcBUNG IHRER RECHTE<\/strong><\/p>\n<p>Sie haben Rechte an den Sie betreffenden personenbezogenen Daten, die wir im Rahmen Ihrer Nutzung der Website und der Verwaltung Ihrer Anfragen erheben und verarbeiten.<br \/>Zu diesen Rechten geh\u00f6ren:<\/p>\n<p>\u2013 das Recht auf Auskunft, Berichtigung und L\u00f6schung der Daten;<br \/>\u2013 das Recht auf Widerspruch gegen die Verarbeitung Ihrer Daten aus Gr\u00fcnden, die sich aus Ihrer besonderen Situation gem\u00e4\u00df den gesetzlichen Bestimmungen ergeben;<br \/>\u2013 das Recht auf Einschr\u00e4nkung der Verarbeitung Ihrer Daten unter den gesetzlich vorgeschriebenen Bedingungen;<br \/>\u2013 das Recht auf Daten\u00fcbertragbarkeit gem\u00e4\u00df den gesetzlichen Vorschriften;<\/p>\n<p>Sie k\u00f6nnen diese Rechte aus\u00fcben, indem Sie schreiben:<\/p>\n<p>\u2013 per E-Mail an folgende Adresse: <a href=\"mailto:nicols@nicols.com\">ventebateaux@nicols.com<\/a><br \/>\u2013 per Post: NICOL&#8217;S YACHT \u2013 Route du Puy St Bonnet \u2013 49300 CHOLET<\/p>\n<p>Sie k\u00f6nnen der Cookie-Hinterlegung auch jederzeit widersprechen: Lesen Sie hierzu unsere Datenschutzerkl\u00e4rung.<\/p>\n<p>Sie haben zudem das Recht, eine Beschwerde bei einer Aufsichtsbeh\u00f6rde (frz. Datenschutzbeh\u00f6rde CNIL) einzureichen.<\/p>\n<p>&nbsp;<\/p>\n<p><em>Aktualisiert am 26. April 2021<\/em><\/p>\n","protected":false},"excerpt":{"rendered":"<p>NICOL&#8217;S YACHT verpflichtet sich dazu, dass die Erhebung und Verarbeitung Ihrer personenbezogenen Daten auf der Website www.nicolsyacht.com dem Datenschutzgesetz und der Datenschutz-Grundverordnung (DSGVO), die am 25. Mai 2018 in Kraft getreten ist, entspricht. Jedes Formular auf der Website www.nicolsyacht.com beschr\u00e4nkt die Erfassung Ihrer personenbezogenen Daten auf das Notwendige und informiert \u00fcber: \u2013 Ziel und Zweck [&hellip;]<\/p>\n","protected":false},"author":1,"featured_media":0,"parent":0,"menu_order":0,"comment_status":"closed","ping_status":"closed","template":"","meta":{"_et_pb_use_builder":"","_et_pb_old_content":"","_et_gb_content_width":"","inline_featured_image":false},"_links":{"self":[{"href":"https:\/\/nicolsboat.com\/de\/wp-json\/wp\/v2\/pages\/10401"}],"collection":[{"href":"https:\/\/nicolsboat.com\/de\/wp-json\/wp\/v2\/pages"}],"about":[{"href":"https:\/\/nicolsboat.com\/de\/wp-json\/wp\/v2\/types\/page"}],"author":[{"embeddable":true,"href":"https:\/\/nicolsboat.com\/de\/wp-json\/wp\/v2\/users\/1"}],"replies":[{"embeddable":true,"href":"https:\/\/nicolsboat.com\/de\/wp-json\/wp\/v2\/comments?post=10401"}],"version-history":[{"count":1,"href":"https:\/\/nicolsboat.com\/de\/wp-json\/wp\/v2\/pages\/10401\/revisions"}],"predecessor-version":[{"id":10402,"href":"https:\/\/nicolsboat.com\/de\/wp-json\/wp\/v2\/pages\/10401\/revisions\/10402"}],"wp:attachment":[{"href":"https:\/\/nicolsboat.com\/de\/wp-json\/wp\/v2\/media?parent=10401"}],"curies":[{"name":"wp","href":"https:\/\/api.w.org\/{rel}","templated":true}]}}