{"id":10568,"date":"2021-10-20T16:51:34","date_gmt":"2021-10-20T14:51:34","guid":{"rendered":"https:\/\/nicolsboat.com\/datenschutzerklaerung-eu\/"},"modified":"2021-10-20T16:51:42","modified_gmt":"2021-10-20T14:51:42","slug":"datenschutzerklaerung-eu","status":"publish","type":"page","link":"https:\/\/nicolsboat.com\/de\/datenschutzerklaerung-eu\/","title":{"rendered":"Datenschutzerkl\u00e4rung (EU)"},"content":{"rendered":"\n<!-- This legal document was generated by Complianz | GDPR\/CCPA Cookie Consent https:\/\/wordpress.org\/plugins\/complianz-gdpr -->\n<div id=\"cmplz-document\" class=\"cmplz-document privacy-statement\"><p><i>Diese Datenschutzerkl\u00e4rung wurde zuletzt aktualisiert am 19 Juli 2021 und gilt f\u00fcr B\u00fcrger des Europ\u00e4ischen Wirtschaftsraums.\n<\/i><\/p><p>In dieser Datenschutzerkl\u00e4rung erkl\u00e4ren wir was wir mit den Daten, die wir \u00fcber dich via <a href=\"https:\/\/nicolsboat.com\/de\/\">https:\/\/nicolsboat.com\/de\/<\/a> gesammelt haben, tun. Wir empfehlen dir, dieses Dokument sorgf\u00e4ltig zu lesen. W\u00e4hrend unserer Verarbeitung entsprechen wir den gesetzlichen Anforderungen. Dies bedeutet unter anderem:<\/p><ul>\n                <li>wir geben klar die Zwecke f\u00fcr dir wir pers\u00f6nliche Daten verarbeiten an. Dies geschieht durch diese Datenschutzerkl\u00e4rung.<\/li>\n                <li>wir zielen darauf ab unsere Sammlung von pers\u00f6nlichen Daten auf jene pers\u00f6nliche Daten zu beschr\u00e4nken die aus legitimen Gr\u00fcnden ben\u00f6tigt werden.<\/li>\n                <li>Wir werden zun\u00e4chst dein explizites Einverst\u00e4ndnis einholen, wenn dies notwendig sein sollte, um deine pers\u00f6nlichen Daten zu verarbeiten.<\/li>\n                <li>Wir unternehmen angemessene Sicherheitsma\u00dfnahmen um deine pers\u00f6nlichen Daten zu sch\u00fctzen und verlangen dies ebenso von Parteien, die pers\u00f6nliche Daten in unserem Auftrag verarbeiten.<\/li>\n                <li>wir respektieren dein Recht auf Einsichtnahme, Berichtigung oder L\u00f6schung deiner personenbezogenen Daten.<\/li>\n            <\/ul><p>Wenn du Fragen hast oder wissen m\u00f6chtest, welche pers\u00f6nlichen Daten wir \u00fcber dich haben, kontaktiere uns bitte.<\/p><h2>1. Zweck, Daten und Aufbewahrungsfrist<\/h2><details class=\"cmplz-dropdown dropdown-privacy-statement\"><summary><div><h3>1.1 Kontakt &#8211; per Telefon, Post, E-Mail und\/oder Webformate<\/h3><\/div><\/summary><p class=\"cmplz-subtitle\">Zu diesem Zweck verwenden wir die folgenden Daten:<\/p><ul><li>Name, Adresse und Ort<\/li><li>E-Mail-Adresse<\/li><li>Besucherverhalten<\/li><\/ul><p class=\"cmplz-subtitle\">Die Grundlage, auf der wir diese Daten verarbeiten k\u00f6nnen, ist:<\/p><a target=\"_blank\" rel=\"noopener noreferrer nofollow\" href=\"https:\/\/cookiedatabase.org\/legal-bases\/#consent\">Einwilligung eingeholt<\/a><p class=\"cmplz-subtitle\">Bewahrungsfrist<\/p>Wir speichern diese Daten bis zur Beendigung des Dienstes.<\/details><details class=\"cmplz-dropdown dropdown-privacy-statement\"><summary><div><h3>1.2 Registrierung eines Kontos<\/h3><\/div><\/summary><p class=\"cmplz-subtitle\">Zu diesem Zweck verwenden wir die folgenden Daten:<\/p><ul><li>Name, Adresse und Ort<\/li><li>E-Mail-Adresse<\/li><li>Geburtsdatum<\/li><li>Benutzername, Passw\u00f6rter und andere kontenspezifische Daten<\/li><li>Besucherverhalten<\/li><\/ul><p class=\"cmplz-subtitle\">Die Grundlage, auf der wir diese Daten verarbeiten k\u00f6nnen, ist:<\/p><a target=\"_blank\" rel=\"noopener noreferrer nofollow\" href=\"https:\/\/cookiedatabase.org\/legal-bases\/#consent\">Einwilligung eingeholt<\/a><p class=\"cmplz-subtitle\">Bewahrungsfrist<\/p>Wir speichern diese Daten bis zur Beendigung des Dienstes.<\/details><details class=\"cmplz-dropdown dropdown-privacy-statement\"><summary><div><h3>1.3 Erstellung und Analyse von Statistiken zur Verbesserung der Website.<\/h3><\/div><\/summary><p class=\"cmplz-subtitle\">Zu diesem Zweck verwenden wir die folgenden Daten:<\/p><ul><li>Besucherverhalten<\/li><\/ul><p class=\"cmplz-subtitle\">Die Grundlage, auf der wir diese Daten verarbeiten k\u00f6nnen, ist:<\/p><a target=\"_blank\" rel=\"noopener noreferrer nofollow\" href=\"https:\/\/cookiedatabase.org\/legal-bases\/#consent\">Einwilligung eingeholt<\/a><p class=\"cmplz-subtitle\">Bewahrungsfrist<\/p>Wir speichern diese Daten bis zur Beendigung des Dienstes.<\/details><h2>2. Cookies<\/h2>Unsere Website benutzt Cookies. F\u00fcr mehr Informationen \u00fcber Cookies schaue bitte unter unseren <a href=\"https:\/\/nicolsboat.com\/de\/cookie-richtlinie\/\">Cookie-Richtlinien<\/a> nach.&nbsp;Wir verf\u00fcgen \u00fcber eine Datenverarbeitungsvereinbarung mit Google.Google darf die Daten ausschlie\u00dflich f\u00fcr andere Google-Dienste verwenden.Die Einbeziehung der vollst\u00e4ndigen IP-Adresse ist von uns blockiert.<h2>3. Sicherheit<\/h2>Wir sind der Sicherheit pers\u00f6nlicher Daten verpflichtet. Wir unternehmen angemessene Sicherheitsma\u00dfnahmen um Missbrauch von und unauthorisierten Zugriff auf pers\u00f6nliche Daten zu begrenzen. Dies stellt sicher, dass nur notwendige Personen Zugriff auf deine Daten erhalten, dieser Zugriff gesch\u00fctzt ist und dass unsere Sicherheitsma\u00dfnahmen regelm\u00e4\u00dfig gepr\u00fcft werden.<h2>4. Websites von Drittanbietern<\/h2>Diese Datenschutzerkl\u00e4rung gilt nicht f\u00fcr Websites Dritter, die durch Links auf unserer Website verbunden sind. Wir k\u00f6nnen nicht garantieren, dass diese Dritten Ihre pers\u00f6nlichen Daten zuverl\u00e4ssig oder sicher behandeln. Wir empfehlen Ihnen, die Datenschutzerkl\u00e4rungen dieser Websites zu lesen, bevor Sie diese Websites nutzen.<h2>5. Erg\u00e4nzungen zu dieser Datenschutzerkl\u00e4rung<\/h2>Wir behalten uns das Recht vor, \u00c4nderungen an dieser Datenschutzerkl\u00e4rung vorzunehmen. Es wird empfohlen, diese Datenschutzerkl\u00e4rung regelm\u00e4\u00dfig zu lesen, um sich \u00fcber \u00c4nderungen zu informieren. Dar\u00fcber hinaus informieren wir dich wo immer m\u00f6glich.<h2>6. Zugriff und Bearbeitung deiner Daten<\/h2><p>Wenn du Fragen hast oder wissen m\u00f6chtest, welche pers\u00f6nlichen Daten wir \u00fcber dich haben, kontaktiere uns bitte. Du kannst uns mittels der unten stehenden Informationen erreichen. Du hast die folgenden Rechte:<\/p><ul>\n                <li>Du hast das Recht zu wissen, warum deine pers\u00f6nlichen Daten gebraucht werden, was mit Ihnen passiert und wie lange diese verwahrt werden.<\/li>\n                <li>Zugriffsrecht: Du hast das Recht deine uns bekannten pers\u00f6nliche Daten einzusehen.<\/li>\n                <li>Recht auf Berichtigung: Du hast das Recht wann immer du w\u00fcnscht, deine pers\u00f6nlichen Daten zu erg\u00e4nzen, zu korrigieren sowie gel\u00f6scht oder blockiert zu bekommen.<\/li>\n                <li>Wenn du uns dein Einverst\u00e4ndnis zur Verarbeitung deiner Daten gegeben hast, hast du das Recht dieses Einverst\u00e4ndnis zu widerrufen und deine pers\u00f6nlichen Daten l\u00f6schen zu lassen.<\/li>\n                <li>Recht auf Datentransfer deiner Daten: Du hast das Recht, alle deine pers\u00f6nlichen Daten von einem Kontrolleur anzufordern und in ihrer Gesamtheit zu einem anderen Kontrolleur zu transferieren.<\/li>\n                <li>Widerspruchsrecht: Du kannst der Verarbeitung deiner Daten widersprechen. Wir entsprechen dem, es sei denn es gibt berechtigte Gr\u00fcnde f\u00fcr die Verarbeitung.<\/li>\n            <\/ul><p>Bitte stelle sicher, dass du immer klar angibst,  wer du bist, sodass wir sicher sein k\u00f6nnen nicht die Daten der falschen Person zu bearbeiten oder zu l\u00f6schen.<\/p><h2>7. Eine Beschwerde \u00fcbermitteln<\/h2>Wenn du nicht zufrieden mit der Art und Weise bist, in der wir (deine Beschwerde) die Verarbeitung deiner pers\u00f6nlichen Daten handhaben, hast du das Recht eine Beschwerde an die Datenschutzbeh\u00f6rde zu richten.<h2>8. Kontaktdaten<\/h2><p>Nicols Yachts<br>\n        Route du Puy St Bonnet<br \/>\r\n49300 CHOLET<br>\n        Frankreich<br>\n        Website: <a href=\"https:\/\/nicolsboat.com\/de\/\">https:\/\/nicolsboat.com\/de\/<\/a> <br>\n        E-Mail: <a href=\"mailto:n&#x69;col&#115;&#x40;nic&#x6f;ls&#x2e;&#099;&#x6f;&#x6d;\">n&#x69;col&#115;&#x40;nic&#x6f;ls&#x2e;&#099;&#x6f;&#x6d;<\/a> <br>\n        Telefonnummer: (33) 2 41 56 46 56<br><\/p><\/div>","protected":false},"excerpt":{"rendered":"","protected":false},"author":1,"featured_media":0,"parent":0,"menu_order":0,"comment_status":"closed","ping_status":"closed","template":"","meta":{"_et_pb_use_builder":"","_et_pb_old_content":"","_et_gb_content_width":"","inline_featured_image":false},"_links":{"self":[{"href":"https:\/\/nicolsboat.com\/de\/wp-json\/wp\/v2\/pages\/10568"}],"collection":[{"href":"https:\/\/nicolsboat.com\/de\/wp-json\/wp\/v2\/pages"}],"about":[{"href":"https:\/\/nicolsboat.com\/de\/wp-json\/wp\/v2\/types\/page"}],"author":[{"embeddable":true,"href":"https:\/\/nicolsboat.com\/de\/wp-json\/wp\/v2\/users\/1"}],"replies":[{"embeddable":true,"href":"https:\/\/nicolsboat.com\/de\/wp-json\/wp\/v2\/comments?post=10568"}],"version-history":[{"count":1,"href":"https:\/\/nicolsboat.com\/de\/wp-json\/wp\/v2\/pages\/10568\/revisions"}],"predecessor-version":[{"id":10569,"href":"https:\/\/nicolsboat.com\/de\/wp-json\/wp\/v2\/pages\/10568\/revisions\/10569"}],"wp:attachment":[{"href":"https:\/\/nicolsboat.com\/de\/wp-json\/wp\/v2\/media?parent=10568"}],"curies":[{"name":"wp","href":"https:\/\/api.w.org\/{rel}","templated":true}]}}